{"id":1551,"date":"2025-03-05T17:23:24","date_gmt":"2025-03-05T16:23:24","guid":{"rendered":"https:\/\/www.maprotec.fr\/normes\/"},"modified":"2025-05-26T15:49:01","modified_gmt":"2025-05-26T13:49:01","slug":"standards","status":"publish","type":"page","link":"https:\/\/www.maprotec.fr\/en\/standards\/","title":{"rendered":"Standards"},"content":{"rendered":"<\/section>\n<div id=\"block-hero-block_edefa38c8c75fd2482a1551417558af1\" class=\"home_header_part container-fluid py-2 bg-white py-md-5  block-hero\">\n    <div class=\"row\">\n        <div class=\"col-12 col-xxl-8 offset-xxl-2\">\n            <div class=\"row\">\n                <div class=\"col-12 p-4 p-md-5 text-center title_part \">\n                    <h1 class=\"h1 underline\">Standards<\/h1>\n                                    <\/div>\n            <\/div>\n        <\/div>\n    <\/div>\n<\/div>\n<div class=\"container-fluid home_header_slider_part\">\n    <div class=\"row\">\n        <div class=\"col-12 px-0\">\n            <div class=\"slider\">\n                            <\/div>\n        <\/div>\n    <\/div>\n<\/div>\n\n\n<section class=\"container\">\n\n<div class=\"row\"><div class=\"col-12 col-xl-10 offset-xl-1 heading\">\n<h2 class=\"wp-block-heading\">Ensuring Hand Safety in Professional Environments<\/h2>\n<\/div><\/div>\n\n\n<div style=\"height:50px\" aria-hidden=\"true\" class=\"wp-block-spacer\"><\/div>\n\n\n<div class=\"row\"><div class=\"col-12 col-xl-10 offset-xl-1 paragraph\">\n<p>Hands are on the front line when it comes to workplace hazards. <strong>Cuts, burns, chemical splashes, extreme cold, or biological contamination<\/strong>&#8230; There are many risks, and they vary depending on the professional environment. To address these dangers, it is essential to use protective gloves that are appropriate and compliant with current standards. These standards classify gloves according to their level of resistance to various types of hazards: <strong>mechanical<\/strong> (abrasion, cuts, punctures, tears), <strong>chemical<\/strong> (permeation or contact), <strong>thermal<\/strong> (heat, fire, cold), or <strong>biological<\/strong> (irritation, contamination)\u2026<\/p>\n<\/div><\/div>\n\n<div class=\"row\"><div class=\"col-12 col-xl-10 offset-xl-1 paragraph\">\n<p>Safety requirements apply across a wide range of industries: construction, trades, manufacturing, logistics, housekeeping, landscaping, and more. Each type of activity comes with specific constraints that must be considered when selecting personal protective equipment.<\/p>\n<\/div><\/div>\n\n<div class=\"row\"><div class=\"col-12 col-xl-10 offset-xl-1 paragraph\">\n<p>As a precautionary measure, it is essential to conduct a trial before choosing a glove.<\/p>\n<\/div><\/div>\n\n\n<div style=\"height:50px\" aria-hidden=\"true\" class=\"wp-block-spacer\"><\/div>\n\n\n<div class=\"row\"><div class=\"col-12 col-xl-10 offset-xl-1 heading\">\n<h3 class=\"wp-block-heading\">General Requirements<\/h3>\n<\/div><\/div>\n\n<div class=\"row\"><div class=\"col-12 col-xl-10 offset-xl-1 paragraph\">\n<p><strong>EN ISO 21420:2020<\/strong><\/p>\n<\/div><\/div>\n\n<div class=\"row\"><div class=\"col-12 col-xl-10 offset-xl-1 paragraph\">\n<p>Establishes general rules regarding comfort, safety, labeling, packaging, and usage instructions.<\/p>\n<\/div><\/div>\n\n\n<div style=\"height:50px\" aria-hidden=\"true\" class=\"wp-block-spacer\"><\/div>\n\n\n<div class=\"row\"><div class=\"col-12 col-xl-10 offset-xl-1 heading\">\n<h3 class=\"wp-block-heading\">Mechanical Risks<\/h3>\n<\/div><\/div>\n\n<div class=\"row\"><div class=\"col-12 col-xl-10 offset-xl-1 paragraph\">\n<p><strong>EN 388:2016+A1:2018<\/strong><\/p>\n<\/div><\/div>\n\n<div class=\"row\"><div class=\"col-12 col-xl-10 offset-xl-1 image\">\n<figure class=\"wp-block-image size-full is-resized\"><img loading=\"lazy\" decoding=\"async\" width=\"743\" height=\"800\" src=\"https:\/\/www.maprotec.fr\/wp-content\/uploads\/EN_388.png\" alt=\"\" class=\"wp-image-1521\" style=\"width:80px\" srcset=\"https:\/\/www.maprotec.fr\/wp-content\/uploads\/EN_388.png 743w, https:\/\/www.maprotec.fr\/wp-content\/uploads\/EN_388-279x300.png 279w, https:\/\/www.maprotec.fr\/wp-content\/uploads\/EN_388-613x660.png 613w, https:\/\/www.maprotec.fr\/wp-content\/uploads\/EN_388-418x450.png 418w, https:\/\/www.maprotec.fr\/wp-content\/uploads\/EN_388-306x330.png 306w, https:\/\/www.maprotec.fr\/wp-content\/uploads\/EN_388-167x180.png 167w, https:\/\/www.maprotec.fr\/wp-content\/uploads\/EN_388-407x438.png 407w\" sizes=\"auto, (max-width: 743px) 100vw, 743px\" \/><\/figure>\n<\/div><\/div>\n\n<div class=\"row\"><div class=\"col-12 col-xl-10 offset-xl-1 paragraph\">\n<p>Abrasion resistance (Levels 0 to 4)<br>Cut resistance \u2013 Couptest (Levels 0 to 5 or X if not tested)<br>Tear resistance (Levels 0 to 4)<br>Puncture resistance (Levels 0 to 4)<br>Cut resistance according to EN ISO 13997 (Levels A to F or X if not tested)<br>Impact protection (optional) according to EN ISO 13594: P<\/p>\n<\/div><\/div>\n\n\n<div style=\"height:50px\" aria-hidden=\"true\" class=\"wp-block-spacer\"><\/div>\n\n\n<div class=\"row\"><div class=\"col-12 col-xl-10 offset-xl-1 heading\">\n<h3 class=\"wp-block-heading\">Chemical Risks<\/h3>\n<\/div><\/div>\n\n<div class=\"row\"><div class=\"col-12 col-xl-10 offset-xl-1 paragraph\">\n<p><strong>EN ISO 374-1:2016 (Type A, Type B or Type C)<\/strong><\/p>\n<\/div><\/div>\n\n<div class=\"row\"><div class=\"col-12 col-xl-10 offset-xl-1 image\">\n<figure class=\"wp-block-image size-full is-resized\"><img loading=\"lazy\" decoding=\"async\" width=\"743\" height=\"800\" src=\"https:\/\/www.maprotec.fr\/wp-content\/uploads\/EN_ISO374-1.png\" alt=\"\" class=\"wp-image-1529\" style=\"width:80px\" srcset=\"https:\/\/www.maprotec.fr\/wp-content\/uploads\/EN_ISO374-1.png 743w, https:\/\/www.maprotec.fr\/wp-content\/uploads\/EN_ISO374-1-279x300.png 279w, https:\/\/www.maprotec.fr\/wp-content\/uploads\/EN_ISO374-1-613x660.png 613w, https:\/\/www.maprotec.fr\/wp-content\/uploads\/EN_ISO374-1-418x450.png 418w, https:\/\/www.maprotec.fr\/wp-content\/uploads\/EN_ISO374-1-306x330.png 306w, https:\/\/www.maprotec.fr\/wp-content\/uploads\/EN_ISO374-1-167x180.png 167w, https:\/\/www.maprotec.fr\/wp-content\/uploads\/EN_ISO374-1-407x438.png 407w\" sizes=\"auto, (max-width: 743px) 100vw, 743px\" \/><\/figure>\n<\/div><\/div>\n\n<div class=\"row\"><div class=\"col-12 col-xl-10 offset-xl-1 paragraph\">\n<p>Prerequisites and test methods: Permeation test (EN 16523-1:2015) and Degradation test (EN 374-4:2013)<\/p>\n<\/div><\/div>\n\n<div class=\"row\"><div class=\"col-12 col-xl-10 offset-xl-1 list\">\n<ul class=\"wp-block-list\">\n<li>Type A: Breakthrough time &gt;\u2265 30 minutes for at least 6 chemicals from the EN 16523-1 list (Leakproofness: EN 374-2)<\/li>\n\n\n\n<li>Type B: Breakthrough time &gt;\u2265 30 minutes for at least 3 chemicals (Leakproofness: EN 374-2)<\/li>\n\n\n\n<li>Type C: Breakthrough time &gt;\u2265 10 minutes for at least 1 chemical (Leakproofness: EN 374-2)<\/li>\n<\/ul>\n<\/div><\/div>\n\n<div class=\"row\"><div class=\"col-12 col-xl-10 offset-xl-1 paragraph\">\n<p>Each tested chemical is identified by a letter shown under the pictogram.<\/p>\n<\/div><\/div>\n\n\n<div style=\"height:30px\" aria-hidden=\"true\" class=\"wp-block-spacer\"><\/div>\n\n\n<div class=\"row\"><div class=\"col-12 col-xl-10 offset-xl-1 heading\">\n<h4 class=\"wp-block-heading\">List of chemicals according to EN 16523-1<\/h4>\n<\/div><\/div>\n\n\n<div style=\"height:30px\" aria-hidden=\"true\" class=\"wp-block-spacer\"><\/div>\n\n\n\n<table id=\"tablepress-1\" class=\"tablepress tablepress-id-1\">\n<thead>\n<tr class=\"row-1\">\n\t<th class=\"column-1\">Code<\/th><th class=\"column-2\">Produit chimique<\/th><th class=\"column-3\">Num\u00e9ro CAS<\/th><th class=\"column-4\">Classe<\/th>\n<\/tr>\n<\/thead>\n<tbody class=\"row-striping row-hover\">\n<tr class=\"row-2\">\n\t<td class=\"column-1\">A<\/td><td class=\"column-2\">M\u00e9thanol<\/td><td class=\"column-3\">67-56-1<\/td><td class=\"column-4\">Alcool primaire<\/td>\n<\/tr>\n<tr class=\"row-3\">\n\t<td class=\"column-1\">B<\/td><td class=\"column-2\">Ac\u00e9tone<\/td><td class=\"column-3\">67-64-1<\/td><td class=\"column-4\">C\u00e9tone<\/td>\n<\/tr>\n<tr class=\"row-4\">\n\t<td class=\"column-1\">C<\/td><td class=\"column-2\">Ac\u00e9tonitrile<\/td><td class=\"column-3\">75-05-8<\/td><td class=\"column-4\">Compos\u00e9 nitrile<\/td>\n<\/tr>\n<tr class=\"row-5\">\n\t<td class=\"column-1\">D<\/td><td class=\"column-2\">Dichlorom\u00e9thane<\/td><td class=\"column-3\">75-09-2<\/td><td class=\"column-4\">Hydrocarbure chlor\u00e9<\/td>\n<\/tr>\n<tr class=\"row-6\">\n\t<td class=\"column-1\">E<\/td><td class=\"column-2\">Bisulfure de carbone<\/td><td class=\"column-3\">75-15-0<\/td><td class=\"column-4\">Compos\u00e9 organique contenant du souffre<\/td>\n<\/tr>\n<tr class=\"row-7\">\n\t<td class=\"column-1\">F<\/td><td class=\"column-2\">Tolu\u00e8ne<\/td><td class=\"column-3\">108-88-3<\/td><td class=\"column-4\">Hydrocarbure aromatique<\/td>\n<\/tr>\n<tr class=\"row-8\">\n\t<td class=\"column-1\">G<\/td><td class=\"column-2\">Di\u00e9thylamine<\/td><td class=\"column-3\">109-89-7<\/td><td class=\"column-4\">Amine<\/td>\n<\/tr>\n<tr class=\"row-9\">\n\t<td class=\"column-1\">H<\/td><td class=\"column-2\">T\u00e9trahydrofurane<\/td><td class=\"column-3\">109-99-9<\/td><td class=\"column-4\">Compos\u00e9 \u00e9th\u00e9rique h\u00e9t\u00e9rocyclique<\/td>\n<\/tr>\n<tr class=\"row-10\">\n\t<td class=\"column-1\">I<\/td><td class=\"column-2\">Ac\u00e9tate d\u2019 \u00e9thyle<\/td><td class=\"column-3\">141-78-6<\/td><td class=\"column-4\">Ester<\/td>\n<\/tr>\n<tr class=\"row-11\">\n\t<td class=\"column-1\">J<\/td><td class=\"column-2\">n-Heptane<\/td><td class=\"column-3\">142-82-5<\/td><td class=\"column-4\">Hydrocarbure satur\u00e9<\/td>\n<\/tr>\n<tr class=\"row-12\">\n\t<td class=\"column-1\">K<\/td><td class=\"column-2\">Hydroxide de sodium 40%<\/td><td class=\"column-3\">1310-73-2<\/td><td class=\"column-4\">Base inorganique<\/td>\n<\/tr>\n<tr class=\"row-13\">\n\t<td class=\"column-1\">L<\/td><td class=\"column-2\">Acide sulfurique 96%<\/td><td class=\"column-3\">7664-93-9<\/td><td class=\"column-4\">Acide min\u00e9ral inorganique, oxydant<\/td>\n<\/tr>\n<tr class=\"row-14\">\n\t<td class=\"column-1\">M<\/td><td class=\"column-2\">Acide nitrique 65%<\/td><td class=\"column-3\">7697-37-2<\/td><td class=\"column-4\">Acide min\u00e9ral inorganique, oxydant<\/td>\n<\/tr>\n<tr class=\"row-15\">\n\t<td class=\"column-1\">N<\/td><td class=\"column-2\">Acide ac\u00e9tique 99%<\/td><td class=\"column-3\">64-19-7<\/td><td class=\"column-4\">Acide organique<\/td>\n<\/tr>\n<tr class=\"row-16\">\n\t<td class=\"column-1\">O<\/td><td class=\"column-2\">Ammoniaque 25%<\/td><td class=\"column-3\">1336-21-6<\/td><td class=\"column-4\">Base organique<\/td>\n<\/tr>\n<tr class=\"row-17\">\n\t<td class=\"column-1\">P<\/td><td class=\"column-2\">Peroxyde d\u2019 hydrog\u00e8ne 30%<\/td><td class=\"column-3\">7722-84-1<\/td><td class=\"column-4\">Peroxyde<\/td>\n<\/tr>\n<tr class=\"row-18\">\n\t<td class=\"column-1\">S<\/td><td class=\"column-2\">Acide fluorhydrique 40%<\/td><td class=\"column-3\">7664-39-3<\/td><td class=\"column-4\">Acide min\u00e9rale inorganique<\/td>\n<\/tr>\n<tr class=\"row-19\">\n\t<td class=\"column-1\">T<\/td><td class=\"column-2\">Formald\u00e9hyde 37%<\/td><td class=\"column-3\">50-00-0<\/td><td class=\"column-4\">Ald\u00e9hyde<\/td>\n<\/tr>\n<\/tbody>\n<\/table>\n\n\n\n<div style=\"height:50px\" aria-hidden=\"true\" class=\"wp-block-spacer\"><\/div>\n\n\n<div class=\"row\"><div class=\"col-12 col-xl-10 offset-xl-1 heading\">\n<h3 class=\"wp-block-heading\">Micro-organism Risks<\/h3>\n<\/div><\/div>\n\n<div class=\"row\"><div class=\"col-12 col-xl-10 offset-xl-1 paragraph\">\n<p><strong>EN ISO 374-5:2016<\/strong><\/p>\n<\/div><\/div>\n\n<div class=\"row\"><div class=\"col-12 col-xl-10 offset-xl-1 image\">\n<figure class=\"wp-block-image size-full is-resized\"><img loading=\"lazy\" decoding=\"async\" width=\"743\" height=\"800\" src=\"https:\/\/www.maprotec.fr\/wp-content\/uploads\/EN_ISO374-5.png\" alt=\"\" class=\"wp-image-1537\" style=\"width:80px\" srcset=\"https:\/\/www.maprotec.fr\/wp-content\/uploads\/EN_ISO374-5.png 743w, https:\/\/www.maprotec.fr\/wp-content\/uploads\/EN_ISO374-5-279x300.png 279w, https:\/\/www.maprotec.fr\/wp-content\/uploads\/EN_ISO374-5-613x660.png 613w, https:\/\/www.maprotec.fr\/wp-content\/uploads\/EN_ISO374-5-418x450.png 418w, https:\/\/www.maprotec.fr\/wp-content\/uploads\/EN_ISO374-5-306x330.png 306w, https:\/\/www.maprotec.fr\/wp-content\/uploads\/EN_ISO374-5-167x180.png 167w, https:\/\/www.maprotec.fr\/wp-content\/uploads\/EN_ISO374-5-407x438.png 407w\" sizes=\"auto, (max-width: 743px) 100vw, 743px\" \/><\/figure>\n<\/div><\/div>\n\n<div class=\"row\"><div class=\"col-12 col-xl-10 offset-xl-1 paragraph\">\n<p>Protection against bacteria and fungi<br>EN ISO 374-5:2016 VIRUS: Protection against bacteria, fungi, and viruses<\/p>\n<\/div><\/div>\n\n\n<div style=\"height:50px\" aria-hidden=\"true\" class=\"wp-block-spacer\"><\/div>\n\n\n<div class=\"row\"><div class=\"col-12 col-xl-10 offset-xl-1 heading\">\n<h3 class=\"wp-block-heading\">Thermal Risks: Fire<\/h3>\n<\/div><\/div>\n\n<div class=\"row\"><div class=\"col-12 col-xl-10 offset-xl-1 paragraph\">\n<p><strong>EN 407:2004<\/strong><\/p>\n<\/div><\/div>\n\n<div class=\"row\"><div class=\"col-12 col-xl-10 offset-xl-1 image\">\n<figure class=\"wp-block-image size-full is-resized\"><img loading=\"lazy\" decoding=\"async\" width=\"743\" height=\"800\" src=\"https:\/\/www.maprotec.fr\/wp-content\/uploads\/EN_407.png\" alt=\"\" class=\"wp-image-1539\" style=\"width:80px\" srcset=\"https:\/\/www.maprotec.fr\/wp-content\/uploads\/EN_407.png 743w, https:\/\/www.maprotec.fr\/wp-content\/uploads\/EN_407-279x300.png 279w, https:\/\/www.maprotec.fr\/wp-content\/uploads\/EN_407-613x660.png 613w, https:\/\/www.maprotec.fr\/wp-content\/uploads\/EN_407-418x450.png 418w, https:\/\/www.maprotec.fr\/wp-content\/uploads\/EN_407-306x330.png 306w, https:\/\/www.maprotec.fr\/wp-content\/uploads\/EN_407-167x180.png 167w, https:\/\/www.maprotec.fr\/wp-content\/uploads\/EN_407-407x438.png 407w\" sizes=\"auto, (max-width: 743px) 100vw, 743px\" \/><\/figure>\n<\/div><\/div>\n\n<div class=\"row\"><div class=\"col-12 col-xl-10 offset-xl-1 paragraph\">\n<p>Flame resistance (Levels 1 to 4)<\/p>\n<\/div><\/div>\n\n<div class=\"row\"><div class=\"col-12 col-xl-10 offset-xl-1 paragraph\">\n<p>Contact heat resistance (Levels 1 to 4)<\/p>\n<\/div><\/div>\n\n<div class=\"row\"><div class=\"col-12 col-xl-10 offset-xl-1 paragraph\">\n<p>Convective heat resistance (Levels 1 to 4)<\/p>\n<\/div><\/div>\n\n<div class=\"row\"><div class=\"col-12 col-xl-10 offset-xl-1 paragraph\">\n<p>Radiant heat resistance (Levels 1 to 4)<\/p>\n<\/div><\/div>\n\n<div class=\"row\"><div class=\"col-12 col-xl-10 offset-xl-1 paragraph\">\n<p>Resistance to small splashes of molten metal (Levels 1 to 4)<\/p>\n<\/div><\/div>\n\n<div class=\"row\"><div class=\"col-12 col-xl-10 offset-xl-1 paragraph\">\n<p>Resistance to large splashes of molten metal (Levels 1 to 4)<\/p>\n<\/div><\/div>\n\n<div class=\"row\"><div class=\"col-12 col-xl-10 offset-xl-1 paragraph\">\n<p>(X = test not performed)<\/p>\n<\/div><\/div>\n\n<div class=\"row\"><div class=\"col-12 col-xl-10 offset-xl-1 paragraph\">\n<p><\/p>\n<\/div><\/div>\n\n\n<div style=\"height:50px\" aria-hidden=\"true\" class=\"wp-block-spacer\"><\/div>\n\n\n<div class=\"row\"><div class=\"col-12 col-xl-10 offset-xl-1 heading\">\n<h3 class=\"wp-block-heading\">Thermal Risks: Heat<\/h3>\n<\/div><\/div>\n\n<div class=\"row\"><div class=\"col-12 col-xl-10 offset-xl-1 paragraph\">\n<p><strong>EN 407:2020<\/strong><\/p>\n<\/div><\/div>\n\n<div class=\"row\"><div class=\"col-12 col-xl-10 offset-xl-1 image\">\n<figure class=\"wp-block-image size-full is-resized\"><img loading=\"lazy\" decoding=\"async\" width=\"743\" height=\"800\" src=\"https:\/\/www.maprotec.fr\/wp-content\/uploads\/EN_407-2020.png\" alt=\"\" class=\"wp-image-1541\" style=\"width:80px\" srcset=\"https:\/\/www.maprotec.fr\/wp-content\/uploads\/EN_407-2020.png 743w, https:\/\/www.maprotec.fr\/wp-content\/uploads\/EN_407-2020-279x300.png 279w, https:\/\/www.maprotec.fr\/wp-content\/uploads\/EN_407-2020-613x660.png 613w, https:\/\/www.maprotec.fr\/wp-content\/uploads\/EN_407-2020-418x450.png 418w, https:\/\/www.maprotec.fr\/wp-content\/uploads\/EN_407-2020-306x330.png 306w, https:\/\/www.maprotec.fr\/wp-content\/uploads\/EN_407-2020-167x180.png 167w, https:\/\/www.maprotec.fr\/wp-content\/uploads\/EN_407-2020-407x438.png 407w\" sizes=\"auto, (max-width: 743px) 100vw, 743px\" \/><\/figure>\n<\/div><\/div>\n\n\n<div style=\"height:50px\" aria-hidden=\"true\" class=\"wp-block-spacer\"><\/div>\n\n\n<div class=\"row\"><div class=\"col-12 col-xl-10 offset-xl-1 heading\">\n<h3 class=\"wp-block-heading\">Cold<\/h3>\n<\/div><\/div>\n\n<div class=\"row\"><div class=\"col-12 col-xl-10 offset-xl-1 paragraph\">\n<p><strong>EN 511:2006<\/strong><\/p>\n<\/div><\/div>\n\n<div class=\"row\"><div class=\"col-12 col-xl-10 offset-xl-1 image\">\n<figure class=\"wp-block-image size-full is-resized\"><img loading=\"lazy\" decoding=\"async\" width=\"743\" height=\"800\" src=\"https:\/\/www.maprotec.fr\/wp-content\/uploads\/EN_511.png\" alt=\"\" class=\"wp-image-1545\" style=\"width:80px\" srcset=\"https:\/\/www.maprotec.fr\/wp-content\/uploads\/EN_511.png 743w, https:\/\/www.maprotec.fr\/wp-content\/uploads\/EN_511-279x300.png 279w, https:\/\/www.maprotec.fr\/wp-content\/uploads\/EN_511-613x660.png 613w, https:\/\/www.maprotec.fr\/wp-content\/uploads\/EN_511-418x450.png 418w, https:\/\/www.maprotec.fr\/wp-content\/uploads\/EN_511-306x330.png 306w, https:\/\/www.maprotec.fr\/wp-content\/uploads\/EN_511-167x180.png 167w, https:\/\/www.maprotec.fr\/wp-content\/uploads\/EN_511-407x438.png 407w\" sizes=\"auto, (max-width: 743px) 100vw, 743px\" \/><\/figure>\n<\/div><\/div>\n\n<div class=\"row\"><div class=\"col-12 col-xl-10 offset-xl-1 paragraph\">\n<p>Resistance to convective cold (Levels 0 to 4)<\/p>\n<\/div><\/div>\n\n<div class=\"row\"><div class=\"col-12 col-xl-10 offset-xl-1 paragraph\">\n<p>Resistance to contact cold (Levels 0 to 4)<\/p>\n<\/div><\/div>\n\n<div class=\"row\"><div class=\"col-12 col-xl-10 offset-xl-1 paragraph\">\n<p>Water permeability (Levels 0 or 1)<\/p>\n<\/div><\/div>\n\n\n<div style=\"height:50px\" aria-hidden=\"true\" class=\"wp-block-spacer\"><\/div>\n\n\n<div class=\"row\"><div class=\"col-12 col-xl-10 offset-xl-1 heading\">\n<h3 class=\"wp-block-heading\">Vibrations \/ Mechanical Shocks<\/h3>\n<\/div><\/div>\n\n<div class=\"row\"><div class=\"col-12 col-xl-10 offset-xl-1 paragraph\">\n<p><strong>EN ISO 10819:2013 + A1:2019<\/strong><\/p>\n<\/div><\/div>\n\n<div class=\"row\"><div class=\"col-12 col-xl-10 offset-xl-1 paragraph\">\n<p>Resistance to vibrations and mechanical shocks. Specifically measures the hand-arm vibration transmission factor of gloves through the palm.  <\/p>\n<\/div><\/div>\n\n\n<div style=\"height:50px\" aria-hidden=\"true\" class=\"wp-block-spacer\"><\/div>\n\n\n<div class=\"row\"><div class=\"col-12 col-xl-10 offset-xl-1 heading\">\n<h3 class=\"wp-block-heading\">Welding<\/h3>\n<\/div><\/div>\n\n<div class=\"row\"><div class=\"col-12 col-xl-10 offset-xl-1 paragraph\">\n<p><strong>EN 12477:2001 + A1:2005<\/strong><\/p>\n<\/div><\/div>\n\n<div class=\"row\"><div class=\"col-12 col-xl-10 offset-xl-1 paragraph\">\n<p>Glove requirements for welding protection<\/p>\n<\/div><\/div>\n\n<div class=\"row\"><div class=\"col-12 col-xl-10 offset-xl-1 list\">\n<ul class=\"wp-block-list\">\n<li>Type A: General handling<\/li>\n\n\n\n<li>Type B: Precision handling (e.g., TIG welding)<\/li>\n<\/ul>\n<\/div><\/div>\n\n\n<div style=\"height:100px\" aria-hidden=\"true\" class=\"wp-block-spacer\"><\/div>\n","protected":false},"excerpt":{"rendered":"<p>Ensuring Hand Safety in Professional Environments Hands are on the front line when it comes to workplace hazards. Cuts, burns, chemical splashes, extreme cold, or biological contamination&#8230; There are many risks, and they vary depending on the professional environment. To address these dangers, it is essential to use protective gloves that are appropriate and compliant [&hellip;]<\/p>\n","protected":false},"author":1,"featured_media":0,"parent":0,"menu_order":0,"comment_status":"closed","ping_status":"closed","template":"","meta":{"_acf_changed":false,"footnotes":""},"class_list":["post-1551","page","type-page","status-publish","hentry"],"acf":[],"_links":{"self":[{"href":"https:\/\/www.maprotec.fr\/en\/wp-json\/wp\/v2\/pages\/1551","targetHints":{"allow":["GET"]}}],"collection":[{"href":"https:\/\/www.maprotec.fr\/en\/wp-json\/wp\/v2\/pages"}],"about":[{"href":"https:\/\/www.maprotec.fr\/en\/wp-json\/wp\/v2\/types\/page"}],"author":[{"embeddable":true,"href":"https:\/\/www.maprotec.fr\/en\/wp-json\/wp\/v2\/users\/1"}],"replies":[{"embeddable":true,"href":"https:\/\/www.maprotec.fr\/en\/wp-json\/wp\/v2\/comments?post=1551"}],"version-history":[{"count":8,"href":"https:\/\/www.maprotec.fr\/en\/wp-json\/wp\/v2\/pages\/1551\/revisions"}],"predecessor-version":[{"id":2520,"href":"https:\/\/www.maprotec.fr\/en\/wp-json\/wp\/v2\/pages\/1551\/revisions\/2520"}],"wp:attachment":[{"href":"https:\/\/www.maprotec.fr\/en\/wp-json\/wp\/v2\/media?parent=1551"}],"curies":[{"name":"wp","href":"https:\/\/api.w.org\/{rel}","templated":true}]}}